{"id":28,"date":"2019-02-24T18:03:35","date_gmt":"2019-02-24T18:03:35","guid":{"rendered":"http:\/\/futterkiste-braunfels.de\/?page_id=28"},"modified":"2019-03-15T20:07:58","modified_gmt":"2019-03-15T20:07:58","slug":"sie-koennen-helfen","status":"publish","type":"page","link":"https:\/\/futterkiste-braunfels.de\/?page_id=28","title":{"rendered":"Sie k\u00f6nnen helfen!"},"content":{"rendered":"\n<p>Damit die Futterkiste weiterhin Menschen und Tiere unterst\u00fctzen kann, ben\u00f6tigen wir dringend Hilfe in Form von Futter- oder Geldspenden.<\/p>\n\n\n\n<p>Wer Futter spenden m\u00f6chte, kann uns dieses gerne w\u00e4hrend der Ausgabezeiten bringen  (jeden 1. und 3. Dienstag im Monat, jeweils von 16 bis 17 Uhr im Kurparktreff Braunfels).<\/p>\n\n\n\n<p>Oder Sie kontaktieren uns per E-Mail an <a href=\"mailto:info@futterkiste-braunfels.de\">info@futterkiste-braunfels.de<\/a> oder telefonisch, um eine anderweitige Abgabe oder Abholung zu arrangieren.<\/p>\n\n\n\n<p>Lassen Sie Ihre Futterspende doch einfach direkt an uns liefern \u2013 schnell und bequem \u00fcber unseren <a href=\"https:\/\/www.amazon.de\/gp\/registry\/wishlist\/2QDMMUA6O8IDU\/ref=cm_wl_huc_title\">Amazon-Wunschzettel.<\/a><br><\/p>\n\n\n\n<p>Nat\u00fcrlich freuen wir uns ebenso \u00fcber eine <a href=\"http:\/\/futterkiste-braunfels.de\/wp-content\/uploads\/2019\/02\/Mitgliedsantrag-aktuell.pdf\">Mitgliedschaft<\/a> oder \u00fcber finanzielle Unterst\u00fctzung auf unser Spendenkonto:<br><strong>DE28\u00a05139\u00a00000\u00a00065\u00a07644\u00a007<\/strong><br>Volksbank Mittelhessen.<\/p>\n","protected":false},"excerpt":{"rendered":"<p>Damit die Futterkiste weiterhin Menschen und Tiere unterst\u00fctzen kann, ben\u00f6tigen wir dringend Hilfe in Form von Futter- oder Geldspenden. Wer Futter spenden m\u00f6chte, kann uns dieses gerne w\u00e4hrend der Ausgabezeiten bringen (jeden 1. und 3. Dienstag im Monat, jeweils von 16 bis 17 Uhr im Kurparktreff Braunfels). Oder Sie kontaktieren uns per E-Mail an info@futterkiste-braunfels.de &hellip; <a href=\"https:\/\/futterkiste-braunfels.de\/?page_id=28\" class=\"more-link\"><span class=\"screen-reader-text\">Sie k\u00f6nnen helfen!<\/span> weiterlesen<\/a><\/p>\n","protected":false},"author":1,"featured_media":0,"parent":0,"menu_order":0,"comment_status":"closed","ping_status":"closed","template":"","meta":{"footnotes":""},"class_list":["post-28","page","type-page","status-publish","hentry"],"_links":{"self":[{"href":"https:\/\/futterkiste-braunfels.de\/index.php?rest_route=\/wp\/v2\/pages\/28","targetHints":{"allow":["GET"]}}],"collection":[{"href":"https:\/\/futterkiste-braunfels.de\/index.php?rest_route=\/wp\/v2\/pages"}],"about":[{"href":"https:\/\/futterkiste-braunfels.de\/index.php?rest_route=\/wp\/v2\/types\/page"}],"author":[{"embeddable":true,"href":"https:\/\/futterkiste-braunfels.de\/index.php?rest_route=\/wp\/v2\/users\/1"}],"replies":[{"embeddable":true,"href":"https:\/\/futterkiste-braunfels.de\/index.php?rest_route=%2Fwp%2Fv2%2Fcomments&post=28"}],"version-history":[{"count":4,"href":"https:\/\/futterkiste-braunfels.de\/index.php?rest_route=\/wp\/v2\/pages\/28\/revisions"}],"predecessor-version":[{"id":78,"href":"https:\/\/futterkiste-braunfels.de\/index.php?rest_route=\/wp\/v2\/pages\/28\/revisions\/78"}],"wp:attachment":[{"href":"https:\/\/futterkiste-braunfels.de\/index.php?rest_route=%2Fwp%2Fv2%2Fmedia&parent=28"}],"curies":[{"name":"wp","href":"https:\/\/api.w.org\/{rel}","templated":true}]}}